{"id":95,"date":"2022-08-18T12:29:31","date_gmt":"2022-08-18T10:29:31","guid":{"rendered":"https:\/\/idh21.com\/?page_id=95"},"modified":"2022-08-18T12:29:31","modified_gmt":"2022-08-18T10:29:31","slug":"changement-de-comportement-et-ecologie","status":"publish","type":"page","link":"https:\/\/idh21.com\/index.php\/changement-de-comportement-et-ecologie\/","title":{"rendered":"Changement de comportement et \u00e9cologie"},"content":{"rendered":"<div id=\"wppb-builder-container\" class=\"wppb-builder-container\">                <div  class=\"wppb-row-parent  wppb-row-1643812365390 \"  >\n\t\t\t\t\t\n\t\t\t\t\t\t\t\t\t\t\n\t\t\t\t\t\t\t\t\t\t\n\t\t\t\t\t<div class=\"wppb-container \">\n\t\t\t\t\t\t\t\t\t\t\t\t\t\n                        <div class=\"wppb-row\">\n\t\t\t\t\t\t\t                                    <div  class=\"wppb-column-parent wppb-column-parent-view wppb-col-1643812365389  \"  >\n                                        <div class=\"wppb-column\">\n\t\t\t\t\t\n\t\t\t\t\t\t\t\t\t\t\t\n                                            <div class=\"wppb-builder-addons\">\n\t\t\t\t\t\t\t\t\t\t\t\t<div class='wppb-builder-addon wppb-addon-1643812442353'  data-addon-id='1643812442353'><div class='wppb-addon'><div class=\"wppb-text-block-addon\"><div class=\"wppb-text-block-content 0\"><h3 style=\"text-align: center\">Une \u00e9tude r\u00e9alis\u00e9e par<\/h3><\/div><\/div><\/div><\/div>                                            <\/div>\n                                        <\/div>\n                                    <\/div>\n\t\t\t\t\t\t\t\t\t                        <\/div>\n\n                    <\/div>\n                <\/div>\n\t\t\t\t                <div  class=\"wppb-row-parent  wppb-row-1643812365451 \"  >\n\t\t\t\t\t\n\t\t\t\t\t\t\t\t\t\t\n\t\t\t\t\t\t\t\t\t\t\n\t\t\t\t\t<div class=\"wppb-container \">\n\t\t\t\t\t\t\t\t\t\t\t\t\t\n                        <div class=\"wppb-row\">\n\t\t\t\t\t\t\t                                    <div  class=\"wppb-column-parent wppb-column-parent-view wppb-col-1643812365449  \"  >\n                                        <div class=\"wppb-column\">\n\t\t\t\t\t\n\t\t\t\t\t\t\t\t\t\t\t\n                                            <div class=\"wppb-builder-addons\">\n\t\t\t\t\t\t\t\t\t\t\t\t<div class='wppb-builder-addon wppb-addon-1643812544304'  data-addon-id='1643812544304'><div class='wppb-addon'><div class=\"wppb-image-addon\"><figure class=\"wppb-image-addon-content-wrap\"><div class=\"wppb-image-addon-content wppb-imginlineblock\"><img decoding=\"async\" class=\"wppb-image-addon-img\" src=\"http:\/\/idh21.com\/wp-content\/uploads\/2021\/05\/Logo-Complet-300x85.png\" alt=\"Logo IDH21\"><\/div><\/figure><\/div><\/div><\/div>                                            <\/div>\n                                        <\/div>\n                                    <\/div>\n\t\t\t\t\t\t\t\t\t                        <\/div>\n\n                    <\/div>\n                <\/div>\n\t\t\t\t                <div  class=\"wppb-row-parent  wppb-row-1643812365378 \"  >\n\t\t\t\t\t\n\t\t\t\t\t\t\t\t\t\t\n\t\t\t\t\t\t\t\t\t\t\n\t\t\t\t\t<div class=\"wppb-container \">\n\t\t\t\t\t\t\t\t\t\t\t\t\t\n                        <div class=\"wppb-row\">\n\t\t\t\t\t\t\t                                    <div  class=\"wppb-column-parent wppb-column-parent-view wppb-col-1643812365377  \"  >\n                                        <div class=\"wppb-column\">\n\t\t\t\t\t\n\t\t\t\t\t\t\t\t\t\t\t\n                                            <div class=\"wppb-builder-addons\">\n\t\t\t\t\t\t\t\t\t\t\t\t<div class='wppb-builder-addon wppb-addon-1643812399986'  data-addon-id='1643812399986'><div class='wppb-addon'><div class=\"wppb-text-block-addon\"><div class=\"wppb-text-block-content 0\"><p style=\"text-align: center\"><strong>R\u00e9sum\u00e9<\/strong><\/p><p>En interrogeant plusieurs acteurs de la transformation \u00e9cologique en France, nous avons identifi\u00e9 4 grandes th\u00e9matiques dans l\u2019ensemble de leurs questions en suspens sur l\u2019\u00e9cologie: comment convaincre la majorit\u00e9 de la population de la n\u00e9cessit\u00e9 de la prise en compte des enjeux \u00e9cologiques, comment organiser une future soci\u00e9t\u00e9 plus sobre et g\u00e9rer la transition vers ce nouveau mod\u00e8le, et quelques questions purement scientifiques.<\/p><p>Plusieurs \u00e9tudes apportent d\u00e9j\u00e0 des \u00e9l\u00e9ments de r\u00e9flexion pragmatiques sur l\u2019organisation future d\u2019une soci\u00e9t\u00e9 plus \u00e9cologique et sur la trajectoire pour l\u2019atteindre. Ces \u00e9tudes prennent en compte l\u2019aspect syst\u00e9mique du changement n\u00e9cessaire et pour certaines d\u2019entre elles incluent des consid\u00e9rations soci\u00e9tales.<\/p><p>D\u2019autre part, un nombre croissant d\u2019\u00e9tudes et de livres ont identifi\u00e9 les raisons psychologiques, sociologiques ou biologiques qui semblent expliquer l\u2019adh\u00e9sion encore faible \u00e0 des mesures \u00e9cologiques de transformation profonde de notre soci\u00e9t\u00e9. Nous mettons l\u2019accent sur le fait qu\u2019une seule cause ne doit pas \u00eatre consid\u00e9r\u00e9e, nous obligeant \u00e0 prendre en compte \u00e0 la fois les \u00e9chelles de l\u2019individu, du groupe, et du syst\u00e8me \u00e9conomique et technique.<\/p><p>Pour compl\u00e9ter, ce travail bibliographique, nous avons pr\u00e9sent\u00e9 une lecture anthropologique de la soci\u00e9t\u00e9 fran\u00e7aise fond\u00e9e sur les travaux de l\u2019anthropologue Mary Douglas et sa grille d\u2019analyse culturelle vis \u00e0 vis de la notion de risque et des enjeux \u00e9cologiques. Cette grille de lecture qui propose 4 types culturels principaux est particuli\u00e8rement \u00e9clairante et nous permet de proposer une explication des conflits actuels sur la mani\u00e8re d\u2019approcher les enjeux \u00e9cologiques.<\/p><p>La n\u00e9cessit\u00e9 de coh\u00e9sion au sein de notre soci\u00e9t\u00e9 demande que nous trouvions des solutions m\u00eame imparfaites pour que les communaut\u00e9s attach\u00e9es \u00e0 chaque type culturel puissent construire ensemble l\u2019avenir de notre pays.<\/p><\/div><\/div><\/div><\/div>                                            <\/div>\n                                        <\/div>\n                                    <\/div>\n\t\t\t\t\t\t\t\t\t                        <\/div>\n\n                    <\/div>\n                <\/div>\n\t\t\t\t                <div  class=\"wppb-row-parent  wppb-row-1643812365599 \"  >\n\t\t\t\t\t\n\t\t\t\t\t\t\t\t\t\t\n\t\t\t\t\t\t\t\t\t\t\n\t\t\t\t\t<div class=\"wppb-container \">\n\t\t\t\t\t\t\t\t\t\t\t\t\t\n                        <div class=\"wppb-row\">\n\t\t\t\t\t\t\t                                    <div  class=\"wppb-column-parent wppb-column-parent-view wppb-col-1643812365598  \"  >\n                                        <div class=\"wppb-column\">\n\t\t\t\t\t\n\t\t\t\t\t\t\t\t\t\t\t\n                                            <div class=\"wppb-builder-addons\">\n\t\t\t\t\t\t\t\t\t\t\t\t<div class='wppb-builder-addon wppb-addon-1643813120355'  data-addon-id='1643813120355'><div class='wppb-addon'><div class=\"wppb-text-block-addon\"><div class=\"wppb-text-block-content 0\"><ul><li><strong><a href=\"http:\/\/idh21.com\/wp-content\/uploads\/2022\/08\/Les-changements-de-comportement-Chap1et2-IDH21.pdf\" target=\"_blank\" rel=\"noopener\">Chapitre 1 et 2 de l'\u00e9tude : <em>Les questions pour un futur d\u00e9sirable <\/em>et\u00a0<em>Revue de litt\u00e9rature sur les changements de comportement et la transformation de la soci\u00e9t\u00e9 vis-\u00e0-vis des enjeux \u00e9cologiques<\/em><\/a>\u00a0<\/strong><\/li><li><a href=\"http:\/\/idh21.com\/wp-content\/uploads\/2022\/08\/Changements-de-comportement-et-ecologie-Presentation-Chap1-IDH21.pdf\" target=\"_blank\" rel=\"noopener\"><strong>La pr\u00e9sentation synth\u00e9tique du chapitre 1 de l'\u00e9tude: <em>Les questions pour un futur d\u00e9sirable<\/em><\/strong><\/a><\/li><\/ul><p>\u00a0<\/p><ul><li><a href=\"http:\/\/idh21.com\/wp-content\/uploads\/2022\/08\/Les-changements-de-comportement-Chap3-IDH21.pdf\" target=\"_blank\" rel=\"noopener\"><strong>Chapitre 3 de l'\u00e9tude: <em>Analyse anthropologique des comportements vis-\u00e0-vis des enjeux \u00e9cologiques : l\u2019analyse culturelle de Mary Douglas<\/em><\/strong><\/a><\/li><li><a href=\"http:\/\/idh21.com\/wp-content\/uploads\/2022\/08\/Changements-de-comportement-et-ecologie-Presentation-Chap3-IDH21.pdf\" target=\"_blank\" rel=\"noopener\"><strong>La pr\u00e9sentation synth\u00e9tique du chapitre 3 de l'\u00e9tude: <em>Analyse anthropologique des comportements vis-\u00e0-vis des enjeux \u00e9cologiques : l\u2019analyse culturelle de Mary Douglas<\/em><\/strong><\/a><\/li><\/ul><p>\u00a0<\/p><ul><li><a href=\"http:\/\/idh21.com\/wp-content\/uploads\/2022\/08\/Changements-de-comportement-et-ecologie-IDH21.pdf\" target=\"_blank\" rel=\"noopener\"><strong>Le rapport entier: <em>Changement de comportement et \u00e9cologie - 2022<\/em><\/strong><\/a><\/li><li><a href=\"http:\/\/idh21.com\/wp-content\/uploads\/2022\/08\/Changements-de-comportement-et-ecologie-Presentation-IDH21.pdf\" target=\"_blank\" rel=\"noopener\"><strong>La pr\u00e9sentation synth\u00e9tique enti\u00e8re: <em>Changement de comportement et \u00e9cologie - 2022<\/em><\/strong><\/a><\/li><\/ul><\/div><\/div><\/div><\/div>                                            <\/div>\n                                        <\/div>\n                                    <\/div>\n\t\t\t\t\t\t\t\t\t                        <\/div>\n\n                    <\/div>\n                <\/div>\n\t\t\t\t                <div  class=\"wppb-row-parent  wppb-row-1643819073769 \"  >\n\t\t\t\t\t\n\t\t\t\t\t\t\t\t\t\t\n\t\t\t\t\t\t\t\t\t\t\n\t\t\t\t\t<div class=\"wppb-container \">\n\t\t\t\t\t\t\t\t\t\t\t\t\t\n                        <div class=\"wppb-row\">\n\t\t\t\t\t\t\t                                    <div  class=\"wppb-column-parent wppb-column-parent-view wppb-col-1643819073768  \"  >\n                                        <div class=\"wppb-column\">\n\t\t\t\t\t\n\t\t\t\t\t\t\t\t\t\t\t\n                                            <div class=\"wppb-builder-addons\">\n\t\t\t\t\t\t\t\t\t\t\t\t<div class='wppb-builder-addon wppb-addon-1643875186516'  data-addon-id='1643875186516'><div class='wppb-addon'><div class=\"wppb-image-addon\"><figure class=\"wppb-image-addon-content-wrap\"><div class=\"wppb-image-addon-content wppb-imginlineblock\"><img decoding=\"async\" class=\"wppb-image-addon-img\" src=\"http:\/\/idh21.com\/wp-content\/uploads\/2022\/08\/Solutions-imparfaites.jpg\" alt=\"Les limites plan\u00e9taires pour l&#039;industrie\"><\/div><\/figure><\/div><\/div><\/div>                                            <\/div>\n                                        <\/div>\n                                    <\/div>\n\t\t\t\t\t\t\t\t\t                        <\/div>\n\n                    <\/div>\n                <\/div>\n\t\t\t\t                <div  class=\"wppb-row-parent  wppb-row-1643819073915 \"  >\n\t\t\t\t\t\n\t\t\t\t\t\t\t\t\t\t\n\t\t\t\t\t\t\t\t\t\t\n\t\t\t\t\t<div class=\"wppb-container \">\n\t\t\t\t\t\t\t\t\t\t\t\t\t\n                        <div class=\"wppb-row\">\n\t\t\t\t\t\t\t                                    <div  class=\"wppb-column-parent wppb-column-parent-view wppb-col-1643819073914  \"  >\n                                        <div class=\"wppb-column\">\n\t\t\t\t\t\n\t\t\t\t\t\t\t\t\t\t\t\n                                            <div class=\"wppb-builder-addons\">\n\t\t\t\t\t\t\t\t\t\t\t\t<div class='wppb-builder-addon wppb-addon-1643875409226'  data-addon-id='1643875409226'><div class='wppb-addon'><div class=\"wppb-text-block-addon\"><div class=\"wppb-text-block-content 0\"><h3 style=\"text-align: center\">Types culturels et strat\u00e9gies vis \u00e0 vis des enjeux environnementaux<\/h3><\/div><\/div><\/div><\/div>                                            <\/div>\n                                        <\/div>\n                                    <\/div>\n\t\t\t\t\t\t\t\t\t                        <\/div>\n\n                    <\/div>\n                <\/div>\n\t\t\t\t                <div  class=\"wppb-row-parent  wppb-row-1643812366055 \"  >\n\t\t\t\t\t\n\t\t\t\t\t\t\t\t\t\t\n\t\t\t\t\t\t\t\t\t\t\n\t\t\t\t\t<div class=\"wppb-container \">\n\t\t\t\t\t\t\t\t\t\t\t\t\t\n                        <div class=\"wppb-row\">\n\t\t\t\t\t\t\t                                    <div  class=\"wppb-column-parent wppb-column-parent-view wppb-col-1643812366054  \"  >\n                                        <div class=\"wppb-column\">\n\t\t\t\t\t\n\t\t\t\t\t\t\t\t\t\t\t\n                                            <div class=\"wppb-builder-addons\">\n\t\t\t\t\t\t\t\t\t\t\t\t<div class='wppb-builder-addon wppb-addon-1643813250922'  data-addon-id='1643813250922'><div class='wppb-addon'><div class=\"wppb-text-block-addon\"><div class=\"wppb-text-block-content 0\"><h4><strong>N'h\u00e9sitez pas \u00e0 <a href=\"http:\/\/idh21.com\/#contact\">nous contacter<\/a> si vous souhaitez mieux connaitre les expertises d'IDH21.<\/strong><\/h4><\/div><\/div><\/div><\/div>                                            <\/div>\n                                        <\/div>\n                                    <\/div>\n\t\t\t\t\t\t\t\t\t                        <\/div>\n\n                    <\/div>\n                <\/div>\n\t\t\t\t<\/div>","protected":false},"excerpt":{"rendered":"<p>Une \u00e9tude r\u00e9alis\u00e9e par R\u00e9sum\u00e9En interrogeant plusieurs acteurs de la transformation \u00e9cologique en France, nous avons identifi\u00e9 4 grandes th\u00e9matiques dans l\u2019ensemble de leurs questions en suspens sur l\u2019\u00e9cologie: comment convaincre la majorit\u00e9 de la population de la n\u00e9cessit\u00e9 de la prise en compte des enjeux \u00e9cologiques, comment organiser une future soci\u00e9t\u00e9 plus sobre et &hellip; <\/p>\n<p class=\"link-more\"><a href=\"https:\/\/idh21.com\/index.php\/changement-de-comportement-et-ecologie\/\" class=\"more-link\">Read more<span class=\"screen-reader-text\"> &#8220;Changement de comportement et \u00e9cologie&#8221;<\/span><\/a><\/p>\n","protected":false},"author":1,"featured_media":0,"parent":0,"menu_order":0,"comment_status":"closed","ping_status":"closed","template":"","meta":{"_monsterinsights_skip_tracking":false,"_monsterinsights_sitenote_active":false,"_monsterinsights_sitenote_note":"","_monsterinsights_sitenote_category":0,"footnotes":""},"class_list":["post-95","page","type-page","status-publish","hentry"],"_links":{"self":[{"href":"https:\/\/idh21.com\/index.php\/wp-json\/wp\/v2\/pages\/95","targetHints":{"allow":["GET"]}}],"collection":[{"href":"https:\/\/idh21.com\/index.php\/wp-json\/wp\/v2\/pages"}],"about":[{"href":"https:\/\/idh21.com\/index.php\/wp-json\/wp\/v2\/types\/page"}],"author":[{"embeddable":true,"href":"https:\/\/idh21.com\/index.php\/wp-json\/wp\/v2\/users\/1"}],"replies":[{"embeddable":true,"href":"https:\/\/idh21.com\/index.php\/wp-json\/wp\/v2\/comments?post=95"}],"version-history":[{"count":1,"href":"https:\/\/idh21.com\/index.php\/wp-json\/wp\/v2\/pages\/95\/revisions"}],"predecessor-version":[{"id":97,"href":"https:\/\/idh21.com\/index.php\/wp-json\/wp\/v2\/pages\/95\/revisions\/97"}],"wp:attachment":[{"href":"https:\/\/idh21.com\/index.php\/wp-json\/wp\/v2\/media?parent=95"}],"curies":[{"name":"wp","href":"https:\/\/api.w.org\/{rel}","templated":true}]}}