{"id":108,"date":"2023-01-03T17:45:22","date_gmt":"2023-01-03T16:45:22","guid":{"rendered":"https:\/\/idh21.com\/?page_id=108"},"modified":"2023-01-03T17:45:22","modified_gmt":"2023-01-03T16:45:22","slug":"etude-du-decouplage-pib-co2-de-lunion-europeenne-sur-la-periode-1990-2018","status":"publish","type":"page","link":"https:\/\/idh21.com\/index.php\/etude-du-decouplage-pib-co2-de-lunion-europeenne-sur-la-periode-1990-2018\/","title":{"rendered":"ETUDE DU DECOUPLAGE PIB \u2013 CO2 DE L\u2019UNION EUROPEENNE SUR LA PERIODE 1990 &#8211; 2018"},"content":{"rendered":"<div id=\"wppb-builder-container\" class=\"wppb-builder-container\">                <div  class=\"wppb-row-parent  wppb-row-1643812365390 \"  >\n\t\t\t\t\t\n\t\t\t\t\t\t\t\t\t\t\n\t\t\t\t\t\t\t\t\t\t\n\t\t\t\t\t<div class=\"wppb-container \">\n\t\t\t\t\t\t\t\t\t\t\t\t\t\n                        <div class=\"wppb-row\">\n\t\t\t\t\t\t\t                                    <div  class=\"wppb-column-parent wppb-column-parent-view wppb-col-1643812365389  \"  >\n                                        <div class=\"wppb-column\">\n\t\t\t\t\t\n\t\t\t\t\t\t\t\t\t\t\t\n                                            <div class=\"wppb-builder-addons\">\n\t\t\t\t\t\t\t\t\t\t\t\t<div class='wppb-builder-addon wppb-addon-1643812442353'  data-addon-id='1643812442353'><div class='wppb-addon'><div class=\"wppb-text-block-addon\"><div class=\"wppb-text-block-content 0\"><h3 style=\"text-align: center\">Une \u00e9tude r\u00e9alis\u00e9e par<\/h3><\/div><\/div><\/div><\/div>                                            <\/div>\n                                        <\/div>\n                                    <\/div>\n\t\t\t\t\t\t\t\t\t                        <\/div>\n\n                    <\/div>\n                <\/div>\n\t\t\t\t                <div  class=\"wppb-row-parent  wppb-row-1643812365451 \"  >\n\t\t\t\t\t\n\t\t\t\t\t\t\t\t\t\t\n\t\t\t\t\t\t\t\t\t\t\n\t\t\t\t\t<div class=\"wppb-container \">\n\t\t\t\t\t\t\t\t\t\t\t\t\t\n                        <div class=\"wppb-row\">\n\t\t\t\t\t\t\t                                    <div  class=\"wppb-column-parent wppb-column-parent-view wppb-col-1643812365449  \"  >\n                                        <div class=\"wppb-column\">\n\t\t\t\t\t\n\t\t\t\t\t\t\t\t\t\t\t\n                                            <div class=\"wppb-builder-addons\">\n\t\t\t\t\t\t\t\t\t\t\t\t<div class='wppb-builder-addon wppb-addon-1643812544304'  data-addon-id='1643812544304'><div class='wppb-addon'><div class=\"wppb-image-addon\"><figure class=\"wppb-image-addon-content-wrap\"><div class=\"wppb-image-addon-content wppb-imginlineblock\"><img decoding=\"async\" class=\"wppb-image-addon-img\" src=\"http:\/\/idh21.com\/wp-content\/uploads\/2021\/05\/Logo-Complet-300x85.png\" alt=\"Logo IDH21\"><\/div><\/figure><\/div><\/div><\/div>                                            <\/div>\n                                        <\/div>\n                                    <\/div>\n\t\t\t\t\t\t\t\t\t                        <\/div>\n\n                    <\/div>\n                <\/div>\n\t\t\t\t                <div  class=\"wppb-row-parent  wppb-row-1643812365378 \"  >\n\t\t\t\t\t\n\t\t\t\t\t\t\t\t\t\t\n\t\t\t\t\t\t\t\t\t\t\n\t\t\t\t\t<div class=\"wppb-container \">\n\t\t\t\t\t\t\t\t\t\t\t\t\t\n                        <div class=\"wppb-row\">\n\t\t\t\t\t\t\t                                    <div  class=\"wppb-column-parent wppb-column-parent-view wppb-col-1643812365377  \"  >\n                                        <div class=\"wppb-column\">\n\t\t\t\t\t\n\t\t\t\t\t\t\t\t\t\t\t\n                                            <div class=\"wppb-builder-addons\">\n\t\t\t\t\t\t\t\t\t\t\t\t<div class='wppb-builder-addon wppb-addon-1643812399986'  data-addon-id='1643812399986'><div class='wppb-addon'><div class=\"wppb-text-block-addon\"><div class=\"wppb-text-block-content 0\"><p style=\"text-align: center\"><strong>R\u00e9sum\u00e9<\/strong><\/p><p>L\u2019Union Europ\u00e9enne s\u2019est fix\u00e9 un objectif ambitieux de r\u00e9duction des \u00e9missions de gaz \u00e0 effet de serre de -55% en 2030 par rapport aux \u00e9missions de 1990 tout en souhaitant conserver un rythme annuel de croissance \u00e9conomique significatif. Cet objectif et la strat\u00e9gie du Pacte Vert Europ\u00e9en associ\u00e9, requiert un d\u00e9couplage absolu entre les \u00e9missions de gaz \u00e0 effet de serre et la croissance du PIB dans la dur\u00e9e, c\u2019est-\u00e0-dire une croissance du PIB combin\u00e9e \u00e0 une r\u00e9duction significative des \u00e9missions. Une litt\u00e9rature scientifique d\u00e9j\u00e0 abondante a montr\u00e9 qu\u2019un tel d\u00e9couplage avait \u00e9t\u00e9 tr\u00e8s rarement observ\u00e9, et m\u00eame jamais dans le cas de pays avec des \u00e9conomies matures tels que les pays de l\u2019Ouest de l\u2019Europe.<\/p><p><br \/>Nous proposons dans cette \u00e9tude d\u2019analyser en d\u00e9tail les raisons de cet absence de d\u00e9couplage avec les cas sp\u00e9cifiques de l\u2019Union Europ\u00e9enne des 28, et des 10 pays les plus \u00e9metteurs en faisant partie, en se concentrant sur 3 p\u00e9riodes temporelles sp\u00e9cifiques : 1990-2006, 2007-2014 et 2015-2018. Ce d\u00e9coupage permet de montrer que seule la p\u00e9riode 2007-2014 pr\u00e9sente une diminution significative des \u00e9missions de CO2. Cette diminution sur 8 ans repr\u00e9sente plus de 80% de la diminution des \u00e9missions depuis 1990. Cette p\u00e9riode correspond \u00e9galement \u00e0 la p\u00e9riode avec la croissance du PIB la plus faible.<\/p><p><br \/>Dans le but d\u2019expliciter les sp\u00e9cificit\u00e9s de cette p\u00e9riode, et de mieux comprendre les m\u00e9canismes sous-jacents \u00e0 la diminution des \u00e9missions, nous appliquons l\u2019\u00e9quation de Kaya. Cette \u00e9quation permet d\u2019\u00e9valuer l\u2019impact de plusieurs param\u00e8tres sur les \u00e9missions de CO2 : la population, le PIB par habitant, l\u2019intensit\u00e9 \u00e9nerg\u00e9tique du PIB et le contenu en CO2 de l\u2019\u00e9nergie.<br \/>Notre analyse montre que la croissance du PIB par habitant joue un r\u00f4le de frein sur la r\u00e9duction des \u00e9missions entrain\u00e9e par les r\u00e9ductions de l\u2019intensit\u00e9 \u00e9nerg\u00e9tique du PIB et du contenu en CO2 de l\u2019\u00e9nergie. Ces 2 facteurs ont aujourd\u2019hui un impact trop faible pour permettre d\u2019atteindre l\u2019objectif fix\u00e9 pour 2030, impact d\u2019autant plus amoindri d\u00e8s que la croissance du PIB d\u00e9passe 1%. Il faudrait concr\u00e8tement que l\u2019impact sur la diminution des \u00e9missions de CO2 de l\u2019intensit\u00e9 \u00e9nerg\u00e9tique du PIB soit multipli\u00e9 par 3 par rapport \u00e0 son niveau des 30 derni\u00e8res ann\u00e9es. Alternativement, il faudrait que l\u2019impact sur la diminution des \u00e9missions de CO2 du contenu en CO2 de l\u2019\u00e9nergie soit multipli\u00e9 par 4.<\/p><p><br \/>L\u2019ensemble des r\u00e9sultats pr\u00e9sent\u00e9s dans cette \u00e9tude mette en doute la strat\u00e9gie actuellement appliqu\u00e9e par l\u2019Union Europ\u00e9enne, et n\u00e9cessite de revoir plus en profondeur notre syst\u00e8me socio-\u00e9conomique. C\u2019est aujourd\u2019hui la condition n\u00e9cessaire \u00e0 l\u2019atteinte d\u2019objectif de r\u00e9duction des \u00e9missions de gaz \u00e0 effet de serre qui permettrait d\u2019esp\u00e9rer maintenir le r\u00e9chauffement climatique en dessous de +2\u00b0C.<\/p><\/div><\/div><\/div><\/div>                                            <\/div>\n                                        <\/div>\n                                    <\/div>\n\t\t\t\t\t\t\t\t\t                        <\/div>\n\n                    <\/div>\n                <\/div>\n\t\t\t\t                <div  class=\"wppb-row-parent  wppb-row-1643812365599 \"  >\n\t\t\t\t\t\n\t\t\t\t\t\t\t\t\t\t\n\t\t\t\t\t\t\t\t\t\t\n\t\t\t\t\t<div class=\"wppb-container \">\n\t\t\t\t\t\t\t\t\t\t\t\t\t\n                        <div class=\"wppb-row\">\n\t\t\t\t\t\t\t                                    <div  class=\"wppb-column-parent wppb-column-parent-view wppb-col-1643812365598  \"  >\n                                        <div class=\"wppb-column\">\n\t\t\t\t\t\n\t\t\t\t\t\t\t\t\t\t\t\n                                            <div class=\"wppb-builder-addons\">\n\t\t\t\t\t\t\t\t\t\t\t\t<div class='wppb-builder-addon wppb-addon-1643813120355'  data-addon-id='1643813120355'><div class='wppb-addon'><div class=\"wppb-text-block-addon\"><div class=\"wppb-text-block-content 0\"><h2><a href=\"http:\/\/idh21.com\/wp-content\/uploads\/2023\/01\/Decouplage-PIB-et-emissions-CO2-UE28-IDH21.pdf\" target=\"_blank\" rel=\"noopener\">T\u00e9l\u00e9chargez l'\u00e9tude compl\u00e8te \"D\u00e9couplage PIB-CO2 de l'Union Europ\u00e9enne sur la p\u00e9riode 1990-2018\"<\/a><\/h2><\/div><\/div><\/div><\/div>                                            <\/div>\n                                        <\/div>\n                                    <\/div>\n\t\t\t\t\t\t\t\t\t                        <\/div>\n\n                    <\/div>\n                <\/div>\n\t\t\t\t                <div  class=\"wppb-row-parent  wppb-row-1643819073769 \"  >\n\t\t\t\t\t\n\t\t\t\t\t\t\t\t\t\t\n\t\t\t\t\t\t\t\t\t\t\n\t\t\t\t\t<div class=\"wppb-container \">\n\t\t\t\t\t\t\t\t\t\t\t\t\t\n                        <div class=\"wppb-row\">\n\t\t\t\t\t\t\t                                    <div  class=\"wppb-column-parent wppb-column-parent-view wppb-col-1643819073768  \"  >\n                                        <div class=\"wppb-column\">\n\t\t\t\t\t\n\t\t\t\t\t\t\t\t\t\t\t\n                                            <div class=\"wppb-builder-addons\">\n\t\t\t\t\t\t\t\t\t\t\t\t<div class='wppb-builder-addon wppb-addon-1643875186516'  data-addon-id='1643875186516'><div class='wppb-addon'><div class=\"wppb-image-addon\"><figure class=\"wppb-image-addon-content-wrap\"><div class=\"wppb-image-addon-content wppb-imginlineblock\"><img decoding=\"async\" class=\"wppb-image-addon-img\" src=\"http:\/\/idh21.com\/wp-content\/uploads\/2023\/01\/PIB-vs-CO2-1990-2018.jpg\" alt=\"Les limites plan\u00e9taires pour l&#039;industrie\"><\/div><\/figure><\/div><\/div><\/div>                                            <\/div>\n                                        <\/div>\n                                    <\/div>\n\t\t\t\t\t\t\t\t\t                        <\/div>\n\n                    <\/div>\n                <\/div>\n\t\t\t\t                <div  class=\"wppb-row-parent  wppb-row-1643819073915 \"  >\n\t\t\t\t\t\n\t\t\t\t\t\t\t\t\t\t\n\t\t\t\t\t\t\t\t\t\t\n\t\t\t\t\t<div class=\"wppb-container \">\n\t\t\t\t\t\t\t\t\t\t\t\t\t\n                        <div class=\"wppb-row\">\n\t\t\t\t\t\t\t                                    <div  class=\"wppb-column-parent wppb-column-parent-view wppb-col-1643819073914  \"  >\n                                        <div class=\"wppb-column\">\n\t\t\t\t\t\n\t\t\t\t\t\t\t\t\t\t\t\n                                            <div class=\"wppb-builder-addons\">\n\t\t\t\t\t\t\t\t\t\t\t\t                                            <\/div>\n                                        <\/div>\n                                    <\/div>\n\t\t\t\t\t\t\t\t\t                        <\/div>\n\n                    <\/div>\n                <\/div>\n\t\t\t\t                <div  class=\"wppb-row-parent  wppb-row-1643812366055 \"  >\n\t\t\t\t\t\n\t\t\t\t\t\t\t\t\t\t\n\t\t\t\t\t\t\t\t\t\t\n\t\t\t\t\t<div class=\"wppb-container \">\n\t\t\t\t\t\t\t\t\t\t\t\t\t\n                        <div class=\"wppb-row\">\n\t\t\t\t\t\t\t                                    <div  class=\"wppb-column-parent wppb-column-parent-view wppb-col-1643812366054  \"  >\n                                        <div class=\"wppb-column\">\n\t\t\t\t\t\n\t\t\t\t\t\t\t\t\t\t\t\n                                            <div class=\"wppb-builder-addons\">\n\t\t\t\t\t\t\t\t\t\t\t\t<div class='wppb-builder-addon wppb-addon-1643813250922'  data-addon-id='1643813250922'><div class='wppb-addon'><div class=\"wppb-text-block-addon\"><div class=\"wppb-text-block-content 0\"><h4><strong>N'h\u00e9sitez pas \u00e0 <a href=\"http:\/\/idh21.com\/#contact\">nous contacter<\/a> si vous souhaitez mieux connaitre les expertises de IDH21.<\/strong><\/h4><\/div><\/div><\/div><\/div>                                            <\/div>\n                                        <\/div>\n                                    <\/div>\n\t\t\t\t\t\t\t\t\t                        <\/div>\n\n                    <\/div>\n                <\/div>\n\t\t\t\t<\/div>","protected":false},"excerpt":{"rendered":"<p>Une \u00e9tude r\u00e9alis\u00e9e par R\u00e9sum\u00e9L\u2019Union Europ\u00e9enne s\u2019est fix\u00e9 un objectif ambitieux de r\u00e9duction des \u00e9missions de gaz \u00e0 effet de serre de -55% en 2030 par rapport aux \u00e9missions de 1990 tout en souhaitant conserver un rythme annuel de croissance \u00e9conomique significatif. Cet objectif et la strat\u00e9gie du Pacte Vert Europ\u00e9en associ\u00e9, requiert un d\u00e9couplage &hellip; <\/p>\n<p class=\"link-more\"><a href=\"https:\/\/idh21.com\/index.php\/etude-du-decouplage-pib-co2-de-lunion-europeenne-sur-la-periode-1990-2018\/\" class=\"more-link\">Read more<span class=\"screen-reader-text\"> &#8220;ETUDE DU DECOUPLAGE PIB \u2013 CO2 DE L\u2019UNION EUROPEENNE SUR LA PERIODE 1990 &#8211; 2018&#8221;<\/span><\/a><\/p>\n","protected":false},"author":1,"featured_media":0,"parent":0,"menu_order":0,"comment_status":"closed","ping_status":"closed","template":"","meta":{"_monsterinsights_skip_tracking":false,"_monsterinsights_sitenote_active":false,"_monsterinsights_sitenote_note":"","_monsterinsights_sitenote_category":0,"footnotes":""},"class_list":["post-108","page","type-page","status-publish","hentry"],"_links":{"self":[{"href":"https:\/\/idh21.com\/index.php\/wp-json\/wp\/v2\/pages\/108","targetHints":{"allow":["GET"]}}],"collection":[{"href":"https:\/\/idh21.com\/index.php\/wp-json\/wp\/v2\/pages"}],"about":[{"href":"https:\/\/idh21.com\/index.php\/wp-json\/wp\/v2\/types\/page"}],"author":[{"embeddable":true,"href":"https:\/\/idh21.com\/index.php\/wp-json\/wp\/v2\/users\/1"}],"replies":[{"embeddable":true,"href":"https:\/\/idh21.com\/index.php\/wp-json\/wp\/v2\/comments?post=108"}],"version-history":[{"count":1,"href":"https:\/\/idh21.com\/index.php\/wp-json\/wp\/v2\/pages\/108\/revisions"}],"predecessor-version":[{"id":109,"href":"https:\/\/idh21.com\/index.php\/wp-json\/wp\/v2\/pages\/108\/revisions\/109"}],"wp:attachment":[{"href":"https:\/\/idh21.com\/index.php\/wp-json\/wp\/v2\/media?parent=108"}],"curies":[{"name":"wp","href":"https:\/\/api.w.org\/{rel}","templated":true}]}}