{"id":123,"date":"2024-02-29T15:22:59","date_gmt":"2024-02-29T14:22:59","guid":{"rendered":"http:\/\/idh21.com\/?page_id=123"},"modified":"2024-02-29T15:38:39","modified_gmt":"2024-02-29T14:38:39","slug":"leurope-peut-elle-verdir-sa-croissance-une-analyse-du-decouplage-pib-co2-entre-1990-et-2030","status":"publish","type":"page","link":"http:\/\/idh21.com\/index.php\/leurope-peut-elle-verdir-sa-croissance-une-analyse-du-decouplage-pib-co2-entre-1990-et-2030\/","title":{"rendered":"L&#8217;Europe peut-elle verdir sa croissance ?                     Une analyse du d\u00e9couplage PIB-CO2 entre 1990 et 2030 (Etude en langue anglaise)"},"content":{"rendered":"<div id=\"wppb-builder-container\" class=\"wppb-builder-container\">                <div  class=\"wppb-row-parent  wppb-row-1643812365390 \"  >\n\t\t\t\t\t\n\t\t\t\t\t\t\t\t\t\t\n\t\t\t\t\t\t\t\t\t\t\n\t\t\t\t\t<div class=\"wppb-container \">\n\t\t\t\t\t\t\t\t\t\t\t\t\t\n                        <div class=\"wppb-row\">\n\t\t\t\t\t\t\t                                    <div  class=\"wppb-column-parent wppb-column-parent-view wppb-col-1643812365389  \"  >\n                                        <div class=\"wppb-column\">\n\t\t\t\t\t\n\t\t\t\t\t\t\t\t\t\t\t\n                                            <div class=\"wppb-builder-addons\">\n\t\t\t\t\t\t\t\t\t\t\t\t<div class='wppb-builder-addon wppb-addon-1643812442353'  data-addon-id='1643812442353'><div class='wppb-addon'><div class=\"wppb-text-block-addon\"><div class=\"wppb-text-block-content 0\"><h3 style=\"text-align: center\">Une \u00e9tude r\u00e9alis\u00e9e par<\/h3><\/div><\/div><\/div><\/div>                                            <\/div>\n                                        <\/div>\n                                    <\/div>\n\t\t\t\t\t\t\t\t\t                        <\/div>\n\n                    <\/div>\n                <\/div>\n\t\t\t\t                <div  class=\"wppb-row-parent  wppb-row-1643812365451 \"  >\n\t\t\t\t\t\n\t\t\t\t\t\t\t\t\t\t\n\t\t\t\t\t\t\t\t\t\t\n\t\t\t\t\t<div class=\"wppb-container \">\n\t\t\t\t\t\t\t\t\t\t\t\t\t\n                        <div class=\"wppb-row\">\n\t\t\t\t\t\t\t                                    <div  class=\"wppb-column-parent wppb-column-parent-view wppb-col-1643812365449  \"  >\n                                        <div class=\"wppb-column\">\n\t\t\t\t\t\n\t\t\t\t\t\t\t\t\t\t\t\n                                            <div class=\"wppb-builder-addons\">\n\t\t\t\t\t\t\t\t\t\t\t\t<div class='wppb-builder-addon wppb-addon-1709216632030'  data-addon-id='1709216632030'><div class='wppb-addon'><div class=\"wppb-text-block-addon\"><div class=\"wppb-text-block-content 0\"><p style=\"text-align: center\"><strong>J\u00e9r\u00f4me Cuny<\/strong><br \/>IDH21, Paris, France<\/p>\n<p style=\"text-align: center\"><strong>Timoth\u00e9e Parrique<\/strong><br \/>School of Economics and Management, Lund University, Sweden<\/p><\/div><\/div><\/div><\/div>                                            <\/div>\n                                        <\/div>\n                                    <\/div>\n\t\t\t\t\t\t\t\t\t                        <\/div>\n\n                    <\/div>\n                <\/div>\n\t\t\t\t                <div  class=\"wppb-row-parent  wppb-row-1643812365378 \"  >\n\t\t\t\t\t\n\t\t\t\t\t\t\t\t\t\t\n\t\t\t\t\t\t\t\t\t\t\n\t\t\t\t\t<div class=\"wppb-container \">\n\t\t\t\t\t\t\t\t\t\t\t\t\t\n                        <div class=\"wppb-row\">\n\t\t\t\t\t\t\t                                    <div  class=\"wppb-column-parent wppb-column-parent-view wppb-col-1643812365377  \"  >\n                                        <div class=\"wppb-column\">\n\t\t\t\t\t\n\t\t\t\t\t\t\t\t\t\t\t\n                                            <div class=\"wppb-builder-addons\">\n\t\t\t\t\t\t\t\t\t\t\t\t<div class='wppb-builder-addon wppb-addon-1643812399986'  data-addon-id='1643812399986'><div class='wppb-addon'><div class=\"wppb-text-block-addon\"><div class=\"wppb-text-block-content 0\"><p style=\"text-align: center\"><strong><span class=\"break-words\n      \"><span dir=\"ltr\">R\u00e9sum\u00e9<\/span><\/span><\/strong><\/p>\n<p><span class=\"break-words\n      \"><span dir=\"ltr\">\u00ab La France a prouv\u00e9 que nous pouvions d\u00e9coupler croissance et \u00e9mission de gaz \u00e0 effet de serre. Entre 2005 et 2018, notre pays a r\u00e9duit ses \u00e9missions de gaz \u00e0 effet de serre de pr\u00e8s de 20 % tandis que sa richesse nationale augmentait de 15 %. \u00bb <a href=\"https:\/\/www.linkedin.com\/in\/ACoAAB0quBgBbD-YPVqV3eIbZW3czb1DM7B8eQc\" data-attribute-index=\"0\" data-entity-type=\"MINI_PROFILE\">Bruno Le Maire<\/a>, Linkedin, Novembre 2023.<br \/><br \/>Cette r\u00e9cente d\u00e9claration du Ministre de l\u2019\u00c9conomie, des Finances et de la Souverainet\u00e9 industrielle r\u00e9sonne avec ce travail d\u2019analyse de la relation entre le PIB et les \u00e9missions territoriales de CO2 de l\u2019Union Europ\u00e9enne sur les 30 derni\u00e8res ann\u00e9es.<br \/><br \/>Depuis 1990, la seule p\u00e9riode au cours de laquelle, les \u00e9missions de CO2 ont diminu\u00e9 significativement (-2,7%\/an en moyenne) est entre 2007 et 2014, lorsque la croissance du PIB de l\u2019Union Europ\u00e9enne est pass\u00e9 en dessous de 1% (+0,62%\/an en moyenne).<br \/><br \/>Idem pour la France, -2,1%\/an en de diminution des \u00e9missions de CO2 pour une croissance de +0,72%\/an entre 2007 et 2014. Avant et apr\u00e8s, la croissance est au-dessus de 1%\/an et les \u00e9missions diminuent tr\u00e8s lentement\u00a0: -0,1%\/an entre 1990 et 2006 pour la France.<br \/><br \/>Lorsque l\u2019on d\u00e9compose l\u2019\u00e9volution des \u00e9missions de CO2 avec l\u2019\u00e9quation de Kaya, on observe que l\u2019intensit\u00e9 \u00e9nerg\u00e9tique du PIB (quantit\u00e9 d\u2019\u00e9nergie n\u00e9cessaire pour cr\u00e9er de la valeur ajout\u00e9e) et le contenu carbone de l\u2019\u00e9nergie (notre niveau de d\u00e9pendance aux \u00e9nergies fossiles) diminuent trop lentement. D\u00e8s que la croissance du PIB d\u00e9passe 1%, elle efface les faibles r\u00e9ductions d\u2019\u00e9mission g\u00e9n\u00e9r\u00e9es par ces 2 facteurs. Une sorte d'effet rebond.<br \/><br \/>Si nous souhaitons atteindre le bel objectif europ\u00e9en de -55% d\u2019\u00e9missions de CO2 en 2030 par rapport \u00e0 1990, il faudrait que l\u2019intensit\u00e9 \u00e9nerg\u00e9tique du PIB diminue 2 fois plus vite ET le contenu carbone de l\u2019\u00e9nergie 4 fois plus vite que dans la d\u00e9cennie pr\u00e9c\u00e9dente.<br \/><\/span><\/span><\/p><\/div><\/div><\/div><\/div>                                            <\/div>\n                                        <\/div>\n                                    <\/div>\n\t\t\t\t\t\t\t\t\t                        <\/div>\n\n                    <\/div>\n                <\/div>\n\t\t\t\t                <div  class=\"wppb-row-parent  wppb-row-1643812365599 \"  >\n\t\t\t\t\t\n\t\t\t\t\t\t\t\t\t\t\n\t\t\t\t\t\t\t\t\t\t\n\t\t\t\t\t<div class=\"wppb-container \">\n\t\t\t\t\t\t\t\t\t\t\t\t\t\n                        <div class=\"wppb-row\">\n\t\t\t\t\t\t\t                                    <div  class=\"wppb-column-parent wppb-column-parent-view wppb-col-1643812365598  \"  >\n                                        <div class=\"wppb-column\">\n\t\t\t\t\t\n\t\t\t\t\t\t\t\t\t\t\t\n                                            <div class=\"wppb-builder-addons\">\n\t\t\t\t\t\t\t\t\t\t\t\t<div class='wppb-builder-addon wppb-addon-1643813120355'  data-addon-id='1643813120355'><div class='wppb-addon'><div class=\"wppb-text-block-addon\"><div class=\"wppb-text-block-content 0\"><h3 style=\"text-align: center\"><a href=\"http:\/\/idh21.com\/wp-content\/uploads\/2024\/02\/Can-Europe-green-its-growth_CunyParrique_IDH21_2024-V2.pdf\" target=\"_blank\" rel=\"noopener\">T\u00e9l\u00e9chargez l'\u00e9tude compl\u00e8te \"Can Europe green its growth? An analysis of CO2-GDP decoupling between 1990 and 2030.\"<\/a><\/h3><\/div><\/div><\/div><\/div>                                            <\/div>\n                                        <\/div>\n                                    <\/div>\n\t\t\t\t\t\t\t\t\t                        <\/div>\n\n                    <\/div>\n                <\/div>\n\t\t\t\t                <div  class=\"wppb-row-parent  wppb-row-1643819073769 \"  >\n\t\t\t\t\t\n\t\t\t\t\t\t\t\t\t\t\n\t\t\t\t\t\t\t\t\t\t\n\t\t\t\t\t<div class=\"wppb-container \">\n\t\t\t\t\t\t\t\t\t\t\t\t\t\n                        <div class=\"wppb-row\">\n\t\t\t\t\t\t\t                                    <div  class=\"wppb-column-parent wppb-column-parent-view wppb-col-1643819073768  \"  >\n                                        <div class=\"wppb-column\">\n\t\t\t\t\t\n\t\t\t\t\t\t\t\t\t\t\t\n                                            <div class=\"wppb-builder-addons\">\n\t\t\t\t\t\t\t\t\t\t\t\t<div class='wppb-builder-addon wppb-addon-1643875186516'  data-addon-id='1643875186516'><div class='wppb-addon'><div class=\"wppb-image-addon\"><figure class=\"wppb-image-addon-content-wrap\"><div class=\"wppb-image-addon-content wppb-imginlineblock\"><img decoding=\"async\" class=\"wppb-image-addon-img\" src=\"http:\/\/idh21.com\/wp-content\/uploads\/2024\/02\/Figures.001.jpeg\" alt=\"Les limites plan\u00e9taires pour l&#039;industrie\"><\/div><\/figure><\/div><\/div><\/div>                                            <\/div>\n                                        <\/div>\n                                    <\/div>\n\t\t\t\t\t\t\t\t\t                        <\/div>\n\n                    <\/div>\n                <\/div>\n\t\t\t\t                <div  class=\"wppb-row-parent  wppb-row-1643819073915 \"  >\n\t\t\t\t\t\n\t\t\t\t\t\t\t\t\t\t\n\t\t\t\t\t\t\t\t\t\t\n\t\t\t\t\t<div class=\"wppb-container \">\n\t\t\t\t\t\t\t\t\t\t\t\t\t\n                        <div class=\"wppb-row\">\n\t\t\t\t\t\t\t                                    <div  class=\"wppb-column-parent wppb-column-parent-view wppb-col-1643819073914  \"  >\n                                        <div class=\"wppb-column\">\n\t\t\t\t\t\n\t\t\t\t\t\t\t\t\t\t\t\n                                            <div class=\"wppb-builder-addons\">\n\t\t\t\t\t\t\t\t\t\t\t\t                                            <\/div>\n                                        <\/div>\n                                    <\/div>\n\t\t\t\t\t\t\t\t\t                        <\/div>\n\n                    <\/div>\n                <\/div>\n\t\t\t\t                <div  class=\"wppb-row-parent  wppb-row-1643812366055 \"  >\n\t\t\t\t\t\n\t\t\t\t\t\t\t\t\t\t\n\t\t\t\t\t\t\t\t\t\t\n\t\t\t\t\t<div class=\"wppb-container \">\n\t\t\t\t\t\t\t\t\t\t\t\t\t\n                        <div class=\"wppb-row\">\n\t\t\t\t\t\t\t                                    <div  class=\"wppb-column-parent wppb-column-parent-view wppb-col-1643812366054  \"  >\n                                        <div class=\"wppb-column\">\n\t\t\t\t\t\n\t\t\t\t\t\t\t\t\t\t\t\n                                            <div class=\"wppb-builder-addons\">\n\t\t\t\t\t\t\t\t\t\t\t\t<div class='wppb-builder-addon wppb-addon-1643813250922'  data-addon-id='1643813250922'><div class='wppb-addon'><div class=\"wppb-text-block-addon\"><div class=\"wppb-text-block-content 0\"><h4><strong>N'h\u00e9sitez pas \u00e0 <a href=\"http:\/\/idh21.com\/#contact\">nous contacter<\/a> si vous souhaitez mieux connaitre les expertises de IDH21.<\/strong><\/h4><\/div><\/div><\/div><\/div>                                            <\/div>\n                                        <\/div>\n                                    <\/div>\n\t\t\t\t\t\t\t\t\t                        <\/div>\n\n                    <\/div>\n                <\/div>\n\t\t\t\t<\/div>","protected":false},"excerpt":{"rendered":"<p>Une \u00e9tude r\u00e9alis\u00e9e par J\u00e9r\u00f4me CunyIDH21, Paris, France Timoth\u00e9e ParriqueSchool of Economics and Management, Lund University, Sweden R\u00e9sum\u00e9 \u00ab La France a prouv\u00e9 que nous pouvions d\u00e9coupler croissance et \u00e9mission de gaz \u00e0 effet de serre. Entre 2005 et 2018, notre pays a r\u00e9duit ses \u00e9missions de gaz \u00e0 effet de serre de pr\u00e8s de &hellip; <\/p>\n<p class=\"link-more\"><a href=\"http:\/\/idh21.com\/index.php\/leurope-peut-elle-verdir-sa-croissance-une-analyse-du-decouplage-pib-co2-entre-1990-et-2030\/\" class=\"more-link\">Read more<span class=\"screen-reader-text\"> &#8220;L&#8217;Europe peut-elle verdir sa croissance ?                     Une analyse du d\u00e9couplage PIB-CO2 entre 1990 et 2030 (Etude en langue anglaise)&#8221;<\/span><\/a><\/p>\n","protected":false},"author":1,"featured_media":0,"parent":0,"menu_order":0,"comment_status":"closed","ping_status":"closed","template":"","meta":{"_monsterinsights_skip_tracking":false,"_monsterinsights_sitenote_active":false,"_monsterinsights_sitenote_note":"","_monsterinsights_sitenote_category":0,"footnotes":""},"class_list":["post-123","page","type-page","status-publish","hentry"],"_links":{"self":[{"href":"http:\/\/idh21.com\/index.php\/wp-json\/wp\/v2\/pages\/123","targetHints":{"allow":["GET"]}}],"collection":[{"href":"http:\/\/idh21.com\/index.php\/wp-json\/wp\/v2\/pages"}],"about":[{"href":"http:\/\/idh21.com\/index.php\/wp-json\/wp\/v2\/types\/page"}],"author":[{"embeddable":true,"href":"http:\/\/idh21.com\/index.php\/wp-json\/wp\/v2\/users\/1"}],"replies":[{"embeddable":true,"href":"http:\/\/idh21.com\/index.php\/wp-json\/wp\/v2\/comments?post=123"}],"version-history":[{"count":3,"href":"http:\/\/idh21.com\/index.php\/wp-json\/wp\/v2\/pages\/123\/revisions"}],"predecessor-version":[{"id":129,"href":"http:\/\/idh21.com\/index.php\/wp-json\/wp\/v2\/pages\/123\/revisions\/129"}],"wp:attachment":[{"href":"http:\/\/idh21.com\/index.php\/wp-json\/wp\/v2\/media?parent=123"}],"curies":[{"name":"wp","href":"https:\/\/api.w.org\/{rel}","templated":true}]}}